{"id":61,"date":"2017-12-20T22:13:57","date_gmt":"2017-12-20T22:13:57","guid":{"rendered":"http:\/\/dr-roshop.de\/?page_id=61"},"modified":"2025-08-24T09:12:51","modified_gmt":"2025-08-24T09:12:51","slug":"willkommen","status":"publish","type":"page","link":"https:\/\/dr-roshop.de\/","title":{"rendered":"Willkommen"},"content":{"rendered":"\n<div class=\"wp-block-buttons is-layout-flex wp-block-buttons-is-layout-flex\"><\/div>\n\n\n<h3>Herzlich Willkommen!<\/h3>\n<p><span>Als internistische Hausarzt-Praxis m\u00f6chten wir Sie mit unserer Website informieren und Ihnen den Praxisablauf n\u00e4her bringen. Gemeinsam mit meinen Mitarbeiterinnen danke ich Ihnen f\u00fcr das Vertrauen und bitte um Ihre Mitarbeit sowie um Beachtung einiger Punkte und Hinweise. Ein positives Miteinander sehe ich als gute Grundlage f\u00fcr den Behandlungserfolg &#8211; und damit f\u00fcr Ihre Gesundheit. Falls Sie W\u00fcnsche und Anregungen haben, sprechen Sie uns gerne an.<\/span><\/p>\n<p id=\"ende\"><strong>Ihr Dr. Bernd Roshop <\/strong>Facharzt f\u00fcr innere Medizin<\/p>","protected":false},"excerpt":{"rendered":"<p>Herzlich Willkommen! Als internistische Hausarzt-Praxis m\u00f6chten wir Sie mit unserer Website informieren und Ihnen den Praxisablauf n\u00e4her bringen. Gemeinsam mit meinen Mitarbeiterinnen danke ich Ihnen f\u00fcr das Vertrauen und bitte um Ihre Mitarbeit sowie um Beachtung einiger Punkte und Hinweise. Ein positives Miteinander sehe ich als gute Grundlage f\u00fcr den [&hellip;]<\/p>\n","protected":false},"author":1,"featured_media":0,"parent":0,"menu_order":0,"comment_status":"closed","ping_status":"closed","template":"","meta":{"footnotes":""},"class_list":["post-61","page","type-page","status-publish","hentry"],"_links":{"self":[{"href":"https:\/\/dr-roshop.de\/index.php?rest_route=\/wp\/v2\/pages\/61","targetHints":{"allow":["GET"]}}],"collection":[{"href":"https:\/\/dr-roshop.de\/index.php?rest_route=\/wp\/v2\/pages"}],"about":[{"href":"https:\/\/dr-roshop.de\/index.php?rest_route=\/wp\/v2\/types\/page"}],"author":[{"embeddable":true,"href":"https:\/\/dr-roshop.de\/index.php?rest_route=\/wp\/v2\/users\/1"}],"replies":[{"embeddable":true,"href":"https:\/\/dr-roshop.de\/index.php?rest_route=%2Fwp%2Fv2%2Fcomments&post=61"}],"version-history":[{"count":24,"href":"https:\/\/dr-roshop.de\/index.php?rest_route=\/wp\/v2\/pages\/61\/revisions"}],"predecessor-version":[{"id":804,"href":"https:\/\/dr-roshop.de\/index.php?rest_route=\/wp\/v2\/pages\/61\/revisions\/804"}],"wp:attachment":[{"href":"https:\/\/dr-roshop.de\/index.php?rest_route=%2Fwp%2Fv2%2Fmedia&parent=61"}],"curies":[{"name":"wp","href":"https:\/\/api.w.org\/{rel}","templated":true}]}}